{"id":59,"date":"2025-10-11T17:15:38","date_gmt":"2025-10-11T15:15:38","guid":{"rendered":"https:\/\/littlepenthouse.es\/?page_id=59"},"modified":"2025-12-07T22:14:02","modified_gmt":"2025-12-07T21:14:02","slug":"apartman","status":"publish","type":"page","link":"https:\/\/littlepenthouse.es\/es\/apartman\/","title":{"rendered":"Apartamento"},"content":{"rendered":"<div data-elementor-type=\"wp-page\" data-elementor-id=\"59\" class=\"elementor elementor-59\" data-elementor-post-type=\"page\">\n\t\t\t\t<div class=\"elementor-element elementor-element-4625975 section-s e-flex e-con-boxed e-con e-parent\" data-id=\"4625975\" data-element_type=\"container\" data-e-type=\"container\" data-settings=\"{&quot;background_background&quot;:&quot;gradient&quot;}\">\n\t\t\t\t\t<div class=\"e-con-inner\">\n\t\t\t\t<div class=\"elementor-element elementor-element-195640f elementor-widget elementor-widget-heading\" data-id=\"195640f\" data-element_type=\"widget\" data-e-type=\"widget\" data-widget_type=\"heading.default\">\n\t\t\t\t\t<h1 class=\"elementor-heading-title elementor-size-default\">Apartamento<\/h1>\t\t\t\t<\/div>\n\t\t\t\t<div class=\"elementor-element elementor-element-98e67b8 elementor-widget elementor-widget-text-editor\" data-id=\"98e67b8\" data-element_type=\"widget\" data-e-type=\"widget\" data-widget_type=\"text-editor.default\">\n\t\t\t\t\t\t\t\t\t<p>Donde la comodidad de la costa se encuentra con la vibrante vida urbana.\nNuestro apartamento de estilo escandinavo combina dise\u00f1o moderno, confort y una ubicaci\u00f3n c\u00e9ntrica, por lo que es la opci\u00f3n ideal para familias, parejas y amigos que buscan unas vacaciones inolvidables en la Costa del Sol.<\/p>\t\t\t\t\t\t\t\t<\/div>\n\t\t\t\t<div class=\"elementor-element elementor-element-9ea8ca3 elementor-view-default elementor-widget elementor-widget-icon\" data-id=\"9ea8ca3\" data-element_type=\"widget\" data-e-type=\"widget\" data-widget_type=\"icon.default\">\n\t\t\t\t\t\t\t<div class=\"elementor-icon-wrapper\">\n\t\t\t<div class=\"elementor-icon\">\n\t\t\t<svg aria-hidden=\"true\" class=\"e-font-icon-svg e-fas-circle\" viewbox=\"0 0 512 512\" xmlns=\"http:\/\/www.w3.org\/2000\/svg\"><path d=\"M256 8C119 8 8 119 8 256s111 248 248 248 248-111 248-248S393 8 256 8z\"><\/path><\/svg>\t\t\t<\/div>\n\t\t<\/div>\n\t\t\t\t\t\t<\/div>\n\t\t\t\t\t<\/div>\n\t\t\t\t<\/div>\n\t\t<div class=\"elementor-element elementor-element-9f3273c e-flex e-con-boxed e-con e-parent\" data-id=\"9f3273c\" data-element_type=\"container\" data-e-type=\"container\">\n\t\t\t\t\t<div class=\"e-con-inner\">\n\t\t\t\t<div class=\"elementor-element elementor-element-c17f574 elementor-widget elementor-widget-gallery\" data-id=\"c17f574\" data-element_type=\"widget\" data-e-type=\"widget\" data-settings=\"{&quot;gallery_layout&quot;:&quot;justified&quot;,&quot;ideal_row_height&quot;:{&quot;unit&quot;:&quot;px&quot;,&quot;size&quot;:398,&quot;sizes&quot;:[]},&quot;lazyload&quot;:&quot;yes&quot;,&quot;ideal_row_height_tablet&quot;:{&quot;unit&quot;:&quot;px&quot;,&quot;size&quot;:150,&quot;sizes&quot;:[]},&quot;ideal_row_height_mobile&quot;:{&quot;unit&quot;:&quot;px&quot;,&quot;size&quot;:150,&quot;sizes&quot;:[]},&quot;gap&quot;:{&quot;unit&quot;:&quot;px&quot;,&quot;size&quot;:10,&quot;sizes&quot;:[]},&quot;gap_tablet&quot;:{&quot;unit&quot;:&quot;px&quot;,&quot;size&quot;:10,&quot;sizes&quot;:[]},&quot;gap_mobile&quot;:{&quot;unit&quot;:&quot;px&quot;,&quot;size&quot;:10,&quot;sizes&quot;:[]},&quot;content_hover_animation&quot;:&quot;fade-in&quot;}\" data-widget_type=\"gallery.default\">\n\t\t\t\t\t\t\t<div class=\"elementor-gallery__container\">\n\t\t\t\t\t\t\t<div class=\"e-gallery-item elementor-gallery-item elementor-animated-content\">\n\t\t\t\t\t<div class=\"e-gallery-image elementor-gallery-item__image\" data-thumbnail=\"https:\/\/littlepenthouse.es\/wp-content\/uploads\/2025\/10\/Little-Penthouse-Fuengirola-gallery-1008.webp\" data-width=\"1000\" data-height=\"667\" aria-label=\"\" role=\"img\" ><\/div>\n\t\t\t\t\t\t\t\t\t\t\t\t\t\t<\/div>\n\t\t\t\t\t\t\t<div class=\"e-gallery-item elementor-gallery-item elementor-animated-content\">\n\t\t\t\t\t<div class=\"e-gallery-image elementor-gallery-item__image\" data-thumbnail=\"https:\/\/littlepenthouse.es\/wp-content\/uploads\/2025\/10\/Little-Penthouse-Fuengirola-gallery-1030.webp\" data-width=\"1000\" data-height=\"667\" aria-label=\"\" role=\"img\" ><\/div>\n\t\t\t\t\t\t\t\t\t\t\t\t\t\t<\/div>\n\t\t\t\t\t\t\t<div class=\"e-gallery-item elementor-gallery-item elementor-animated-content\">\n\t\t\t\t\t<div class=\"e-gallery-image elementor-gallery-item__image\" data-thumbnail=\"https:\/\/littlepenthouse.es\/wp-content\/uploads\/2025\/10\/Little-Penthouse-Fuengirola-gallery-1023-1.webp\" data-width=\"667\" data-height=\"1000\" aria-label=\"Little Penthouse Fuengirola gallery 1023 1\" role=\"img\" ><\/div>\n\t\t\t\t\t\t\t\t\t\t\t\t\t\t<\/div>\n\t\t\t\t\t\t\t<div class=\"e-gallery-item elementor-gallery-item elementor-animated-content\">\n\t\t\t\t\t<div class=\"e-gallery-image elementor-gallery-item__image\" data-thumbnail=\"https:\/\/littlepenthouse.es\/wp-content\/uploads\/2025\/10\/Little-Penthouse-Fuengirola-gallery-1018.webp\" data-width=\"667\" data-height=\"1000\" aria-label=\"\" role=\"img\" ><\/div>\n\t\t\t\t\t\t\t\t\t\t\t\t\t\t<\/div>\n\t\t\t\t\t\t\t<div class=\"e-gallery-item elementor-gallery-item elementor-animated-content\">\n\t\t\t\t\t<div class=\"e-gallery-image elementor-gallery-item__image\" data-thumbnail=\"https:\/\/littlepenthouse.es\/wp-content\/uploads\/2025\/10\/Little-Penthouse-Fuengirola-gallery-1026.webp\" data-width=\"1000\" data-height=\"667\" aria-label=\"\" role=\"img\" ><\/div>\n\t\t\t\t\t\t\t\t\t\t\t\t\t\t<\/div>\n\t\t\t\t\t\t\t<div class=\"e-gallery-item elementor-gallery-item elementor-animated-content\">\n\t\t\t\t\t<div class=\"e-gallery-image elementor-gallery-item__image\" data-thumbnail=\"https:\/\/littlepenthouse.es\/wp-content\/uploads\/2025\/10\/Little-Penthouse-Fuengirola-gallery-1039.webp\" data-width=\"750\" data-height=\"1000\" aria-label=\"Little Penthouse Fuengirola gallery 1039\" role=\"img\" ><\/div>\n\t\t\t\t\t\t\t\t\t\t\t\t\t\t<\/div>\n\t\t\t\t\t\t\t<div class=\"e-gallery-item elementor-gallery-item elementor-animated-content\">\n\t\t\t\t\t<div class=\"e-gallery-image elementor-gallery-item__image\" data-thumbnail=\"https:\/\/littlepenthouse.es\/wp-content\/uploads\/2025\/10\/Little-Penthouse-Fuengirola-gallery-1019.webp\" data-width=\"1000\" data-height=\"667\" aria-label=\"Little Penthouse Fuengirola gallery 1019\" role=\"img\" ><\/div>\n\t\t\t\t\t\t\t\t\t\t\t\t\t\t<\/div>\n\t\t\t\t\t<\/div>\n\t\t\t\t\t<\/div>\n\t\t\t\t\t<\/div>\n\t\t\t\t<\/div>\n\t\t<div class=\"elementor-element elementor-element-bda3037 section-s e-flex e-con-boxed e-con e-parent\" data-id=\"bda3037\" data-element_type=\"container\" data-e-type=\"container\" data-settings=\"{&quot;background_background&quot;:&quot;classic&quot;}\">\n\t\t\t\t\t<div class=\"e-con-inner\">\n\t\t<div class=\"elementor-element elementor-element-09d74ac e-con-full e-flex e-con e-child\" data-id=\"09d74ac\" data-element_type=\"container\" data-e-type=\"container\" data-settings=\"{&quot;background_background&quot;:&quot;classic&quot;}\">\n\t\t<div class=\"elementor-element elementor-element-4906f9f e-con-full e-flex e-con e-child\" data-id=\"4906f9f\" data-element_type=\"container\" data-e-type=\"container\" data-settings=\"{&quot;background_background&quot;:&quot;classic&quot;}\">\n\t\t\t\t<div class=\"elementor-element elementor-element-e098a54 elementor-widget elementor-widget-html\" data-id=\"e098a54\" data-element_type=\"widget\" data-e-type=\"widget\" data-widget_type=\"html.default\">\n\t\t\t\t\t<style>\r\n  :root {\r\n    --ldg-bnb-background: #ffffff;\r\n    --ldg-bnb-border-radius: 0.42em;\r\n    --ldg-bnb-box-shadow: 0px 24px 54px 0px rgba(0, 0, 0, 0.1);\r\n    --ldg-bnb-padding: 14px;\r\n    --ldg-bnb-input-background: #ffffff;\r\n    --ldg-bnb-button-border-radius: 0.42em;\r\n\r\n    --ldg-bnb-color-primary: #007f7f;\r\n    --ldg-bnb-color-primary-lighter:#80bfbf;\r\n    --ldg-bnb-color-primary-darker: #004040;\r\n    --ldg-bnb-color-primary-contrast: #ffffff;\r\n    --ldg-component-calendar-cell-selection-bg-color: #007f7f;\r\n    --ldg-component-calendar-cell-selection-color: #ffffff;\r\n    --ldg-component-calendar-cell-selected-bg-color: #80bfbf;\r\n    --ldg-component-calendar-cell-selected-color: #ffffff;\r\n    --ldg-bnb-font-family: inherit;\r\n  }\r\n  #lodgify-book-now-box {    \r\n    width: 100%;\r\n  }\r\n<\/style>\r\n<div\r\n  id=\"lodgify-book-now-box\"\r\n  data-rental-id=\"730931\"\r\n  data-website-id=\"619371\"\r\n  data-slug=\"littlepenthouse\"\r\n  data-language-code=\"en\"\r\n  data-new-tab=\"true\"\r\n  data-version=\"stable\"\r\n  \r\n  \r\n  data-has-guests-breakdown\r\n data-check-in-label='Check-in'\r\n  data-check-out-label='Check-out'\r\n  data-guests-label='Guests'\r\n  data-guests-singular-label='{{NumberOfGuests}} guest'\r\n  data-guests-plural-label='{{NumberOfGuests}} guests'\r\n  data-location-input-label='Location'\r\n  data-total-price-label='Total price:'\r\n  data-select-dates-to-see-price-label='Select dates to see total price'\r\n  data-minimum-price-per-night-first-label='From'\r\n  data-minimum-price-per-night-second-label='per night'\r\n  data-book-button-label='Book Now'\r\n  data-guests-breakdown-label='Guests'\r\n  data-adults-label='{\"one\":\"adult\",\"other\":\"adults\"}'\r\n  data-adults-description='Ages {minAge} or above'\r\n  data-children-label='{\"one\":\"child\",\"other\":\"children\"}'\r\n  data-children-description='Ages {minAge}-{maxAge}'\r\n  data-children-not-allowed-label='Not suitable for children'\r\n  data-infants-label='{\"one\":\"infant\",\"other\":\"infants\"}'\r\n  data-infants-description='Under {maxAge}'\r\n  data-infants-not-allowed-label='Not suitable for infants'\r\n  data-pets-label='{\"one\":\"pet\",\"other\":\"pets\"}'\r\n  data-pets-not-allowed-label='Not allowed'\r\n  data-done-label='Done'\r\n  \r\n><\/div>\r\n  \t\t\t\t<\/div>\n\t\t\t\t<div class=\"elementor-element elementor-element-4e2d93c elementor-widget elementor-widget-html\" data-id=\"4e2d93c\" data-element_type=\"widget\" data-e-type=\"widget\" data-widget_type=\"html.default\">\n\t\t\t\t\t<script src=\"https:\/\/app.lodgify.com\/book-now-box\/stable\/renderBookNowBox.js\" defer><\/script>\t\t\t\t<\/div>\n\t\t\t\t<\/div>\n\t\t\t\t<\/div>\n\t\t<div class=\"elementor-element elementor-element-6f978f8 e-con-full e-flex e-con e-child\" data-id=\"6f978f8\" data-element_type=\"container\" data-e-type=\"container\">\n\t\t\t\t<div class=\"elementor-element elementor-element-070baa4 elementor-widget elementor-widget-heading\" data-id=\"070baa4\" data-element_type=\"widget\" data-e-type=\"widget\" data-widget_type=\"heading.default\">\n\t\t\t\t\t<h2 class=\"elementor-heading-title elementor-size-default\">\u00bfEstas lista para reservar tus pr\u00f3ximas vacaciones?<\/h2>\t\t\t\t<\/div>\n\t\t\t\t<div class=\"elementor-element elementor-element-50bf8c7 elementor-widget elementor-widget-heading\" data-id=\"50bf8c7\" data-element_type=\"widget\" data-e-type=\"widget\" data-widget_type=\"heading.default\">\n\t\t\t\t\t<h2 class=\"elementor-heading-title elementor-size-default\">Reserva ahora<\/h2>\t\t\t\t<\/div>\n\t\t\t\t<\/div>\n\t\t\t\t\t<\/div>\n\t\t\t\t<\/div>\n\t\t<div class=\"elementor-element elementor-element-9f5c3e9 e-flex e-con-boxed e-con e-parent\" data-id=\"9f5c3e9\" data-element_type=\"container\" data-e-type=\"container\" data-settings=\"{&quot;background_background&quot;:&quot;classic&quot;}\">\n\t\t\t\t\t<div class=\"e-con-inner\">\n\t\t<div class=\"elementor-element elementor-element-4d0b566 e-con-full e-flex e-con e-child\" data-id=\"4d0b566\" data-element_type=\"container\" data-e-type=\"container\">\n\t\t\t\t<div class=\"elementor-element elementor-element-3f06423 elementor-widget elementor-widget-heading\" data-id=\"3f06423\" data-element_type=\"widget\" data-e-type=\"widget\" data-widget_type=\"heading.default\">\n\t\t\t\t\t<h2 class=\"elementor-heading-title elementor-size-default\">Little<br>Penthouse<br>Fuengirola<\/h2>\t\t\t\t<\/div>\n\t\t\t\t<\/div>\n\t\t<div class=\"elementor-element elementor-element-f272464 e-con-full e-flex e-con e-child\" data-id=\"f272464\" data-element_type=\"container\" data-e-type=\"container\" data-settings=\"{&quot;background_background&quot;:&quot;classic&quot;}\">\n\t\t\t\t<div class=\"elementor-element elementor-element-d7e53af elementor-widget elementor-widget-heading\" data-id=\"d7e53af\" data-element_type=\"widget\" data-e-type=\"widget\" data-widget_type=\"heading.default\">\n\t\t\t\t\t<h5 class=\"elementor-heading-title elementor-size-default\"><a href=\"https:\/\/littlepenthouse.es\/es\/galeria\/\">Galer\u00eda<\/a><\/h5>\t\t\t\t<\/div>\n\t\t\t\t<\/div>\n\t\t<div class=\"elementor-element elementor-element-362a471 e-con-full e-flex e-con e-child\" data-id=\"362a471\" data-element_type=\"container\" data-e-type=\"container\" data-settings=\"{&quot;background_background&quot;:&quot;classic&quot;}\">\n\t\t\t\t<div class=\"elementor-element elementor-element-b366ffd elementor-widget elementor-widget-heading\" data-id=\"b366ffd\" data-element_type=\"widget\" data-e-type=\"widget\" data-widget_type=\"heading.default\">\n\t\t\t\t\t<h5 class=\"elementor-heading-title elementor-size-default\"><a href=\"https:\/\/littlepenthouse.es\/es\/programajanlo\/\">Actividades<\/a><\/h5>\t\t\t\t<\/div>\n\t\t\t\t<\/div>\n\t\t<div class=\"elementor-element elementor-element-ff82387 e-con-full e-flex e-con e-child\" data-id=\"ff82387\" data-element_type=\"container\" data-e-type=\"container\" data-settings=\"{&quot;background_background&quot;:&quot;classic&quot;}\">\n\t\t\t\t<div class=\"elementor-element elementor-element-a724601 elementor-widget elementor-widget-heading\" data-id=\"a724601\" data-element_type=\"widget\" data-e-type=\"widget\" data-widget_type=\"heading.default\">\n\t\t\t\t\t<h5 class=\"elementor-heading-title elementor-size-default\"><a href=\"https:\/\/littlepenthouse.es\/es\/contacto\/\">Contacto<\/a><\/h5>\t\t\t\t<\/div>\n\t\t\t\t<\/div>\n\t\t\t\t\t<\/div>\n\t\t\t\t<\/div>\n\t\t\t\t<\/div>","protected":false},"excerpt":{"rendered":"<p>Apartman A tengerparti nyaral\u00e1s k\u00e9nyelme \u00e9s a v\u00e1rosi pezsg\u00e9s itt tal\u00e1lkozik. A skandin\u00e1v st\u00edlusban berendezett apartman a modern diz\u00e1jnt, a [&hellip;]<\/p>","protected":false},"author":1,"featured_media":0,"parent":0,"menu_order":0,"comment_status":"closed","ping_status":"closed","template":"","meta":{"site-sidebar-layout":"no-sidebar","site-content-layout":"","ast-site-content-layout":"full-width-container","site-content-style":"default","site-sidebar-style":"default","ast-global-header-display":"","ast-banner-title-visibility":"","ast-main-header-display":"","ast-hfb-above-header-display":"","ast-hfb-below-header-display":"","ast-hfb-mobile-header-display":"","site-post-title":"","ast-breadcrumbs-content":"","ast-featured-img":"disabled","footer-sml-layout":"","ast-disable-related-posts":"","theme-transparent-header-meta":"","adv-header-id-meta":"","stick-header-meta":"","header-above-stick-meta":"","header-main-stick-meta":"","header-below-stick-meta":"","astra-migrate-meta-layouts":"default","ast-page-background-enabled":"default","ast-page-background-meta":{"desktop":{"background-color":"var(--ast-global-color-5)","background-image":"","background-repeat":"repeat","background-position":"center center","background-size":"auto","background-attachment":"scroll","background-type":"","background-media":"","overlay-type":"","overlay-color":"","overlay-opacity":"","overlay-gradient":""},"tablet":{"background-color":"","background-image":"","background-repeat":"repeat","background-position":"center center","background-size":"auto","background-attachment":"scroll","background-type":"","background-media":"","overlay-type":"","overlay-color":"","overlay-opacity":"","overlay-gradient":""},"mobile":{"background-color":"","background-image":"","background-repeat":"repeat","background-position":"center center","background-size":"auto","background-attachment":"scroll","background-type":"","background-media":"","overlay-type":"","overlay-color":"","overlay-opacity":"","overlay-gradient":""}},"ast-content-background-meta":{"desktop":{"background-color":"var(--ast-global-color-4)","background-image":"","background-repeat":"repeat","background-position":"center center","background-size":"auto","background-attachment":"scroll","background-type":"","background-media":"","overlay-type":"","overlay-color":"","overlay-opacity":"","overlay-gradient":""},"tablet":{"background-color":"var(--ast-global-color-4)","background-image":"","background-repeat":"repeat","background-position":"center center","background-size":"auto","background-attachment":"scroll","background-type":"","background-media":"","overlay-type":"","overlay-color":"","overlay-opacity":"","overlay-gradient":""},"mobile":{"background-color":"var(--ast-global-color-4)","background-image":"","background-repeat":"repeat","background-position":"center center","background-size":"auto","background-attachment":"scroll","background-type":"","background-media":"","overlay-type":"","overlay-color":"","overlay-opacity":"","overlay-gradient":""}},"footnotes":""},"class_list":["post-59","page","type-page","status-publish","hentry"],"yoast_head":"<!-- This site is optimized with the Yoast SEO plugin v27.4 - https:\/\/yoast.com\/product\/yoast-seo-wordpress\/ -->\n<title>Apartman - littlepenthouse.es<\/title>\n<meta name=\"robots\" content=\"index, follow, max-snippet:-1, max-image-preview:large, max-video-preview:-1\" \/>\n<link rel=\"canonical\" href=\"https:\/\/littlepenthouse.es\/es\/apartman\/\" \/>\n<meta property=\"og:locale\" content=\"es_ES\" \/>\n<meta property=\"og:type\" content=\"article\" \/>\n<meta property=\"og:title\" content=\"Apartman - littlepenthouse.es\" \/>\n<meta property=\"og:description\" content=\"Apartman A tengerparti nyaral\u00e1s k\u00e9nyelme \u00e9s a v\u00e1rosi pezsg\u00e9s itt tal\u00e1lkozik. A skandin\u00e1v st\u00edlusban berendezett apartman a modern diz\u00e1jnt, a [&hellip;]\" \/>\n<meta property=\"og:url\" content=\"https:\/\/littlepenthouse.es\/es\/apartman\/\" \/>\n<meta property=\"og:site_name\" content=\"littlepenthouse.es\" \/>\n<meta property=\"article:modified_time\" content=\"2025-12-07T21:14:02+00:00\" \/>\n<meta name=\"twitter:card\" content=\"summary_large_image\" \/>\n<meta name=\"twitter:label1\" content=\"Tiempo de lectura\" \/>\n\t<meta name=\"twitter:data1\" content=\"1 minuto\" \/>\n<script type=\"application\/ld+json\" class=\"yoast-schema-graph\">{\"@context\":\"https:\\\/\\\/schema.org\",\"@graph\":[{\"@type\":\"WebPage\",\"@id\":\"https:\\\/\\\/littlepenthouse.es\\\/apartman\\\/\",\"url\":\"https:\\\/\\\/littlepenthouse.es\\\/apartman\\\/\",\"name\":\"Apartman - littlepenthouse.es\",\"isPartOf\":{\"@id\":\"https:\\\/\\\/littlepenthouse.es\\\/#website\"},\"datePublished\":\"2025-10-11T15:15:38+00:00\",\"dateModified\":\"2025-12-07T21:14:02+00:00\",\"breadcrumb\":{\"@id\":\"https:\\\/\\\/littlepenthouse.es\\\/apartman\\\/#breadcrumb\"},\"inLanguage\":\"es\",\"potentialAction\":[{\"@type\":\"ReadAction\",\"target\":[\"https:\\\/\\\/littlepenthouse.es\\\/apartman\\\/\"]}]},{\"@type\":\"BreadcrumbList\",\"@id\":\"https:\\\/\\\/littlepenthouse.es\\\/apartman\\\/#breadcrumb\",\"itemListElement\":[{\"@type\":\"ListItem\",\"position\":1,\"name\":\"Kezd\u0151lap\",\"item\":\"https:\\\/\\\/littlepenthouse.es\\\/\"},{\"@type\":\"ListItem\",\"position\":2,\"name\":\"Apartman\"}]},{\"@type\":\"WebSite\",\"@id\":\"https:\\\/\\\/littlepenthouse.es\\\/#website\",\"url\":\"https:\\\/\\\/littlepenthouse.es\\\/\",\"name\":\"littlepenthouse.es\",\"description\":\"\",\"publisher\":{\"@id\":\"https:\\\/\\\/littlepenthouse.es\\\/#organization\"},\"potentialAction\":[{\"@type\":\"SearchAction\",\"target\":{\"@type\":\"EntryPoint\",\"urlTemplate\":\"https:\\\/\\\/littlepenthouse.es\\\/?s={search_term_string}\"},\"query-input\":{\"@type\":\"PropertyValueSpecification\",\"valueRequired\":true,\"valueName\":\"search_term_string\"}}],\"inLanguage\":\"es\"},{\"@type\":\"Organization\",\"@id\":\"https:\\\/\\\/littlepenthouse.es\\\/#organization\",\"name\":\"littlepenthouse.es\",\"url\":\"https:\\\/\\\/littlepenthouse.es\\\/\",\"logo\":{\"@type\":\"ImageObject\",\"inLanguage\":\"es\",\"@id\":\"https:\\\/\\\/littlepenthouse.es\\\/#\\\/schema\\\/logo\\\/image\\\/\",\"url\":\"https:\\\/\\\/littlepenthouse.es\\\/wp-content\\\/uploads\\\/2025\\\/10\\\/little-penthouse-new-black-001.svg\",\"contentUrl\":\"https:\\\/\\\/littlepenthouse.es\\\/wp-content\\\/uploads\\\/2025\\\/10\\\/little-penthouse-new-black-001.svg\",\"width\":356,\"height\":87,\"caption\":\"littlepenthouse.es\"},\"image\":{\"@id\":\"https:\\\/\\\/littlepenthouse.es\\\/#\\\/schema\\\/logo\\\/image\\\/\"}}]}<\/script>\n<!-- \/ Yoast SEO plugin. -->","yoast_head_json":{"title":"Apartman - littlepenthouse.es","robots":{"index":"index","follow":"follow","max-snippet":"max-snippet:-1","max-image-preview":"max-image-preview:large","max-video-preview":"max-video-preview:-1"},"canonical":"https:\/\/littlepenthouse.es\/es\/apartman\/","og_locale":"es_ES","og_type":"article","og_title":"Apartman - littlepenthouse.es","og_description":"Apartman A tengerparti nyaral\u00e1s k\u00e9nyelme \u00e9s a v\u00e1rosi pezsg\u00e9s itt tal\u00e1lkozik. A skandin\u00e1v st\u00edlusban berendezett apartman a modern diz\u00e1jnt, a [&hellip;]","og_url":"https:\/\/littlepenthouse.es\/es\/apartman\/","og_site_name":"littlepenthouse.es","article_modified_time":"2025-12-07T21:14:02+00:00","twitter_card":"summary_large_image","twitter_misc":{"Tiempo de lectura":"1 minuto"},"schema":{"@context":"https:\/\/schema.org","@graph":[{"@type":"WebPage","@id":"https:\/\/littlepenthouse.es\/apartman\/","url":"https:\/\/littlepenthouse.es\/apartman\/","name":"Apartman - littlepenthouse.es","isPartOf":{"@id":"https:\/\/littlepenthouse.es\/#website"},"datePublished":"2025-10-11T15:15:38+00:00","dateModified":"2025-12-07T21:14:02+00:00","breadcrumb":{"@id":"https:\/\/littlepenthouse.es\/apartman\/#breadcrumb"},"inLanguage":"es","potentialAction":[{"@type":"ReadAction","target":["https:\/\/littlepenthouse.es\/apartman\/"]}]},{"@type":"BreadcrumbList","@id":"https:\/\/littlepenthouse.es\/apartman\/#breadcrumb","itemListElement":[{"@type":"ListItem","position":1,"name":"Kezd\u0151lap","item":"https:\/\/littlepenthouse.es\/"},{"@type":"ListItem","position":2,"name":"Apartman"}]},{"@type":"WebSite","@id":"https:\/\/littlepenthouse.es\/#website","url":"https:\/\/littlepenthouse.es\/","name":"littlepenthouse.es","description":"","publisher":{"@id":"https:\/\/littlepenthouse.es\/#organization"},"potentialAction":[{"@type":"SearchAction","target":{"@type":"EntryPoint","urlTemplate":"https:\/\/littlepenthouse.es\/?s={search_term_string}"},"query-input":{"@type":"PropertyValueSpecification","valueRequired":true,"valueName":"search_term_string"}}],"inLanguage":"es"},{"@type":"Organization","@id":"https:\/\/littlepenthouse.es\/#organization","name":"littlepenthouse.es","url":"https:\/\/littlepenthouse.es\/","logo":{"@type":"ImageObject","inLanguage":"es","@id":"https:\/\/littlepenthouse.es\/#\/schema\/logo\/image\/","url":"https:\/\/littlepenthouse.es\/wp-content\/uploads\/2025\/10\/little-penthouse-new-black-001.svg","contentUrl":"https:\/\/littlepenthouse.es\/wp-content\/uploads\/2025\/10\/little-penthouse-new-black-001.svg","width":356,"height":87,"caption":"littlepenthouse.es"},"image":{"@id":"https:\/\/littlepenthouse.es\/#\/schema\/logo\/image\/"}}]}},"_hostinger_reach_plugin_has_subscription_block":false,"_hostinger_reach_plugin_is_elementor":false,"_links":{"self":[{"href":"https:\/\/littlepenthouse.es\/es\/wp-json\/wp\/v2\/pages\/59","targetHints":{"allow":["GET"]}}],"collection":[{"href":"https:\/\/littlepenthouse.es\/es\/wp-json\/wp\/v2\/pages"}],"about":[{"href":"https:\/\/littlepenthouse.es\/es\/wp-json\/wp\/v2\/types\/page"}],"author":[{"embeddable":true,"href":"https:\/\/littlepenthouse.es\/es\/wp-json\/wp\/v2\/users\/1"}],"replies":[{"embeddable":true,"href":"https:\/\/littlepenthouse.es\/es\/wp-json\/wp\/v2\/comments?post=59"}],"version-history":[{"count":61,"href":"https:\/\/littlepenthouse.es\/es\/wp-json\/wp\/v2\/pages\/59\/revisions"}],"predecessor-version":[{"id":1220,"href":"https:\/\/littlepenthouse.es\/es\/wp-json\/wp\/v2\/pages\/59\/revisions\/1220"}],"wp:attachment":[{"href":"https:\/\/littlepenthouse.es\/es\/wp-json\/wp\/v2\/media?parent=59"}],"curies":[{"name":"wp","href":"https:\/\/api.w.org\/{rel}","templated":true}]}}