{"id":480,"date":"2025-10-28T14:26:26","date_gmt":"2025-10-28T13:26:26","guid":{"rendered":"https:\/\/littlepenthouse.es\/?page_id=480"},"modified":"2026-01-05T09:29:46","modified_gmt":"2026-01-05T08:29:46","slug":"normas-de-la-casa","status":"publish","type":"page","link":"https:\/\/littlepenthouse.es\/es\/normas-de-la-casa\/","title":{"rendered":"Normas de la Casa"},"content":{"rendered":"<div data-elementor-type=\"wp-page\" data-elementor-id=\"480\" class=\"elementor elementor-480\" data-elementor-post-type=\"page\">\n\t\t\t\t<div class=\"elementor-element elementor-element-fa7fe04 section-narrow e-con-full e-flex e-con e-parent\" data-id=\"fa7fe04\" data-element_type=\"container\" data-e-type=\"container\" data-settings=\"{&quot;background_background&quot;:&quot;gradient&quot;}\">\n\t\t\t\t<div class=\"elementor-element elementor-element-e23535c elementor-hidden-mobile elementor-widget elementor-widget-image\" data-id=\"e23535c\" data-element_type=\"widget\" data-e-type=\"widget\" data-widget_type=\"image.default\">\n\t\t\t\t\t\t\t\t\t\t\t\t\t\t\t<img fetchpriority=\"high\" decoding=\"async\" width=\"1746\" height=\"486\" src=\"https:\/\/littlepenthouse.es\/wp-content\/uploads\/2025\/12\/little-penthouse-fuengirola-hazirend-003.webp\" class=\"attachment-large size-large wp-image-1258\" alt=\"little penthouse fuengirola hazirend 003\" srcset=\"https:\/\/littlepenthouse.es\/wp-content\/uploads\/2025\/12\/little-penthouse-fuengirola-hazirend-003.webp 1746w, https:\/\/littlepenthouse.es\/wp-content\/uploads\/2025\/12\/little-penthouse-fuengirola-hazirend-003-768x214.webp 768w, https:\/\/littlepenthouse.es\/wp-content\/uploads\/2025\/12\/little-penthouse-fuengirola-hazirend-003-1536x428.webp 1536w, https:\/\/littlepenthouse.es\/wp-content\/uploads\/2025\/12\/little-penthouse-fuengirola-hazirend-003-18x5.webp 18w\" sizes=\"(max-width: 1746px) 100vw, 1746px\" \/>\t\t\t\t\t\t\t\t\t\t\t\t\t\t\t<\/div>\n\t\t\t\t<div class=\"elementor-element elementor-element-0c0e7c2 elementor-hidden-desktop elementor-hidden-tablet elementor-widget elementor-widget-image\" data-id=\"0c0e7c2\" data-element_type=\"widget\" data-e-type=\"widget\" data-widget_type=\"image.default\">\n\t\t\t\t\t\t\t\t\t\t\t\t\t\t\t<img decoding=\"async\" width=\"459\" height=\"551\" src=\"https:\/\/littlepenthouse.es\/wp-content\/uploads\/2025\/12\/little-penthouse-fuengirola-hazirend-00.webp\" class=\"attachment-full size-full wp-image-1264\" alt=\"little penthouse fuengirola hazirend 00\" srcset=\"https:\/\/littlepenthouse.es\/wp-content\/uploads\/2025\/12\/little-penthouse-fuengirola-hazirend-00.webp 459w, https:\/\/littlepenthouse.es\/wp-content\/uploads\/2025\/12\/little-penthouse-fuengirola-hazirend-00-10x12.webp 10w\" sizes=\"(max-width: 459px) 100vw, 459px\" \/>\t\t\t\t\t\t\t\t\t\t\t\t\t\t\t<\/div>\n\t\t\t\t<\/div>\n\t\t<div class=\"elementor-element elementor-element-adb76cd e-con-full section-s e-flex e-con e-parent\" data-id=\"adb76cd\" data-element_type=\"container\" data-e-type=\"container\" data-settings=\"{&quot;background_background&quot;:&quot;gradient&quot;}\">\n\t\t\t\t<div class=\"elementor-element elementor-element-4403eb2 elementor-widget elementor-widget-heading\" data-id=\"4403eb2\" data-element_type=\"widget\" data-e-type=\"widget\" data-widget_type=\"heading.default\">\n\t\t\t\t\t<h1 class=\"elementor-heading-title elementor-size-default\">Normas de la Casa<\/h1>\t\t\t\t<\/div>\n\t\t\t\t<div class=\"elementor-element elementor-element-4deb45e elementor-view-default elementor-widget elementor-widget-icon\" data-id=\"4deb45e\" data-element_type=\"widget\" data-e-type=\"widget\" data-widget_type=\"icon.default\">\n\t\t\t\t\t\t\t<div class=\"elementor-icon-wrapper\">\n\t\t\t<div class=\"elementor-icon\">\n\t\t\t<svg aria-hidden=\"true\" class=\"e-font-icon-svg e-fas-circle\" viewbox=\"0 0 512 512\" xmlns=\"http:\/\/www.w3.org\/2000\/svg\"><path d=\"M256 8C119 8 8 119 8 256s111 248 248 248 248-111 248-248S393 8 256 8z\"><\/path><\/svg>\t\t\t<\/div>\n\t\t<\/div>\n\t\t\t\t\t\t<\/div>\n\t\t\t\t<\/div>\n\t\t<div class=\"elementor-element elementor-element-16c87f8 e-flex e-con-boxed e-con e-parent\" data-id=\"16c87f8\" data-element_type=\"container\" data-e-type=\"container\">\n\t\t\t\t\t<div class=\"e-con-inner\">\n\t\t<div class=\"elementor-element elementor-element-a36cf30 e-con-full e-flex e-con e-child\" data-id=\"a36cf30\" data-element_type=\"container\" data-e-type=\"container\">\n\t\t\t\t<\/div>\n\t\t<div class=\"elementor-element elementor-element-a359262 e-con-full e-flex e-con e-child\" data-id=\"a359262\" data-element_type=\"container\" data-e-type=\"container\">\n\t\t\t\t<div class=\"elementor-element elementor-element-529a06d elementor-widget elementor-widget-text-editor\" data-id=\"529a06d\" data-element_type=\"widget\" data-e-type=\"widget\" data-widget_type=\"text-editor.default\">\n\t\t\t\t\t\t\t\t\t<h3 style=\"text-align: center;\">Check-in \u2013 Check-out<\/h3><p style=\"text-align: center;\">\u2022  Check-in: a partir de las 15:00<br \/>\u2022  Check-out: hasta las 11:00<\/p><h3 style=\"text-align: center;\">Capacidad<\/h3><p style=\"text-align: center;\">\u2022  Ocupaci\u00f3n m\u00e1xima: 4 adultos<br \/><span style=\"font-style: inherit; font-weight: inherit;\">\u2022  Horas de silencio: 00:00\u201308:00<br \/><\/span><span style=\"font-style: inherit; font-weight: inherit;\">\u2022  No se permiten fiestas ni eventos.<\/span><\/p><h3 style=\"text-align: center;\">Limpieza<\/h3><p style=\"text-align: center;\">\u2022 Por favor, no tire toallitas h\u00famedas ni productos de higiene al inodoro.<br \/>\u2022  Deposite la basura \u00fanicamente en los contenedores asignados.<br \/>\u2022 El punto de basura del edificio est\u00e1 en el exterior: salga, gire a la izquierda y luego de nuevo a la izquierda.<br \/>Est\u00e1 prohibido fumar.<\/p><h3 style=\"text-align: center;\">Seguridad<\/h3><p style=\"text-align: center;\">\u2022 Por favor, cierre puertas y ventanas al salir del apartamento.<br \/>\u2022 En caso de emergencia, llame al 112.<br \/>Electrodom\u00e9sticos y Servicios<br \/>\u2022 Apague las luces y el aire acondicionado cuando no est\u00e9 en el apartamento.<br \/>\u2022 La televisi\u00f3n incluye la aplicaci\u00f3n Zapi, donde encontrar\u00e1 m\u00faltiples canales.<\/p><h3 style=\"text-align: center;\">Da\u00f1os<\/h3><p style=\"text-align: center;\">\u2022 Los hu\u00e9spedes son responsables de los da\u00f1os causados durante su estancia.<br \/>Az apartman kutyabar\u00e1t! Macsk\u00e1kat sajnos nem tudunk fogadni!<\/p><h3 style=\"text-align: center;\">Informaci\u00f3n \u00datil<\/h3><p style=\"text-align: center;\">\u2022 Emergencias: 112<br \/>\u2022 Polic\u00eda Nacional: 091<br \/>\u2022 Guardia Civil: 062<br \/>\u2022 Ambulancia: 061<br \/>\u2022 Bomberos: 080<br \/>\u2022 Taxi Fuengirola: +34 952 593 341<br \/>\u2022 Tel\u00e9fono del anfitri\u00f3n: +34 629 426 899<br \/>\u2022 N\u00famero de registro tur\u00edstico: VUT\/MA\/97347<\/p>\t\t\t\t\t\t\t\t<\/div>\n\t\t\t\t<\/div>\n\t\t<div class=\"elementor-element elementor-element-35cd546 e-con-full e-flex e-con e-child\" data-id=\"35cd546\" data-element_type=\"container\" data-e-type=\"container\">\n\t\t\t\t<\/div>\n\t\t\t\t\t<\/div>\n\t\t\t\t<\/div>\n\t\t<div class=\"elementor-element elementor-element-6a580b8 section-s e-flex e-con-boxed e-con e-parent\" data-id=\"6a580b8\" data-element_type=\"container\" data-e-type=\"container\" data-settings=\"{&quot;background_background&quot;:&quot;classic&quot;}\">\n\t\t\t\t\t<div class=\"e-con-inner\">\n\t\t<div class=\"elementor-element elementor-element-ca82c8f e-con-full e-flex e-con e-child\" data-id=\"ca82c8f\" data-element_type=\"container\" data-e-type=\"container\" data-settings=\"{&quot;background_background&quot;:&quot;classic&quot;}\">\n\t\t<div class=\"elementor-element elementor-element-8aa8545 e-con-full e-flex e-con e-child\" data-id=\"8aa8545\" data-element_type=\"container\" data-e-type=\"container\" data-settings=\"{&quot;background_background&quot;:&quot;classic&quot;}\">\n\t\t\t\t<div class=\"elementor-element elementor-element-3b97d4f elementor-widget elementor-widget-html\" data-id=\"3b97d4f\" data-element_type=\"widget\" data-e-type=\"widget\" data-widget_type=\"html.default\">\n\t\t\t\t\t<style>\r\n  :root {\r\n    --ldg-bnb-background: #ffffff;\r\n    --ldg-bnb-border-radius: 0.42em;\r\n    --ldg-bnb-box-shadow: 0px 24px 54px 0px rgba(0, 0, 0, 0.1);\r\n    --ldg-bnb-padding: 14px;\r\n    --ldg-bnb-input-background: #ffffff;\r\n    --ldg-bnb-button-border-radius: 0.42em;\r\n\r\n    --ldg-bnb-color-primary: #007f7f;\r\n    --ldg-bnb-color-primary-lighter:#80bfbf;\r\n    --ldg-bnb-color-primary-darker: #004040;\r\n    --ldg-bnb-color-primary-contrast: #ffffff;\r\n    --ldg-component-calendar-cell-selection-bg-color: #007f7f;\r\n    --ldg-component-calendar-cell-selection-color: #ffffff;\r\n    --ldg-component-calendar-cell-selected-bg-color: #80bfbf;\r\n    --ldg-component-calendar-cell-selected-color: #ffffff;\r\n    --ldg-bnb-font-family: inherit;\r\n  }\r\n  #lodgify-book-now-box {    \r\n    width: 100%;\r\n  }\r\n<\/style>\r\n<div\r\n  id=\"lodgify-book-now-box\"\r\n  data-rental-id=\"730931\"\r\n  data-website-id=\"619371\"\r\n  data-slug=\"littlepenthouse\"\r\n  data-language-code=\"en\"\r\n  data-new-tab=\"true\"\r\n  data-version=\"stable\"\r\n  \r\n  \r\n  data-has-guests-breakdown\r\n data-check-in-label='Check-in'\r\n  data-check-out-label='Check-out'\r\n  data-guests-label='Guests'\r\n  data-guests-singular-label='{{NumberOfGuests}} guest'\r\n  data-guests-plural-label='{{NumberOfGuests}} guests'\r\n  data-location-input-label='Location'\r\n  data-total-price-label='Total price:'\r\n  data-select-dates-to-see-price-label='Select dates to see total price'\r\n  data-minimum-price-per-night-first-label='From'\r\n  data-minimum-price-per-night-second-label='per night'\r\n  data-book-button-label='Book Now'\r\n  data-guests-breakdown-label='Guests'\r\n  data-adults-label='{\"one\":\"adult\",\"other\":\"adults\"}'\r\n  data-adults-description='Ages {minAge} or above'\r\n  data-children-label='{\"one\":\"child\",\"other\":\"children\"}'\r\n  data-children-description='Ages {minAge}-{maxAge}'\r\n  data-children-not-allowed-label='Not suitable for children'\r\n  data-infants-label='{\"one\":\"infant\",\"other\":\"infants\"}'\r\n  data-infants-description='Under {maxAge}'\r\n  data-infants-not-allowed-label='Not suitable for infants'\r\n  data-pets-label='{\"one\":\"pet\",\"other\":\"pets\"}'\r\n  data-pets-not-allowed-label='Not allowed'\r\n  data-done-label='Done'\r\n  \r\n><\/div>\r\n  \t\t\t\t<\/div>\n\t\t\t\t<div class=\"elementor-element elementor-element-3851811 elementor-widget elementor-widget-html\" data-id=\"3851811\" data-element_type=\"widget\" data-e-type=\"widget\" data-widget_type=\"html.default\">\n\t\t\t\t\t<script src=\"https:\/\/app.lodgify.com\/book-now-box\/stable\/renderBookNowBox.js\" defer><\/script>\t\t\t\t<\/div>\n\t\t\t\t<\/div>\n\t\t\t\t<\/div>\n\t\t<div class=\"elementor-element elementor-element-a0ed574 e-con-full e-flex e-con e-child\" data-id=\"a0ed574\" data-element_type=\"container\" data-e-type=\"container\">\n\t\t\t\t<div class=\"elementor-element elementor-element-957ba21 elementor-widget elementor-widget-heading\" data-id=\"957ba21\" data-element_type=\"widget\" data-e-type=\"widget\" data-widget_type=\"heading.default\">\n\t\t\t\t\t<h2 class=\"elementor-heading-title elementor-size-default\">\u00bfEstas lista para reservar tus pr\u00f3ximas vacaciones?<\/h2>\t\t\t\t<\/div>\n\t\t\t\t<div class=\"elementor-element elementor-element-08200c7 elementor-widget elementor-widget-heading\" data-id=\"08200c7\" data-element_type=\"widget\" data-e-type=\"widget\" data-widget_type=\"heading.default\">\n\t\t\t\t\t<h2 class=\"elementor-heading-title elementor-size-default\">Reserva ahora<\/h2>\t\t\t\t<\/div>\n\t\t\t\t<\/div>\n\t\t\t\t\t<\/div>\n\t\t\t\t<\/div>\n\t\t\t\t<\/div>","protected":false},"excerpt":{"rendered":"<p>H\u00e1zirend Bejelentkez\u00e9s \u2013 Kijelentkez\u00e9s \u2022 Bejelentkez\u00e9s: 15:00-t\u00f3l\u2022 Kijelentkez\u00e9s: 11:00-ig F\u00e9r\u0151hely \u2022 Maxim\u00e1lis vend\u00e9gsz\u00e1m: 4 feln\u0151tt\u2022 Csendes id\u0151szak: 00:00\u201308:00\u2022 Bulik rendez\u00e9se [&hellip;]<\/p>","protected":false},"author":1,"featured_media":0,"parent":0,"menu_order":0,"comment_status":"closed","ping_status":"closed","template":"","meta":{"site-sidebar-layout":"no-sidebar","site-content-layout":"","ast-site-content-layout":"full-width-container","site-content-style":"default","site-sidebar-style":"default","ast-global-header-display":"","ast-banner-title-visibility":"","ast-main-header-display":"","ast-hfb-above-header-display":"","ast-hfb-below-header-display":"","ast-hfb-mobile-header-display":"","site-post-title":"","ast-breadcrumbs-content":"","ast-featured-img":"disabled","footer-sml-layout":"","ast-disable-related-posts":"","theme-transparent-header-meta":"default","adv-header-id-meta":"","stick-header-meta":"","header-above-stick-meta":"","header-main-stick-meta":"","header-below-stick-meta":"","astra-migrate-meta-layouts":"set","ast-page-background-enabled":"default","ast-page-background-meta":{"desktop":{"background-color":"var(--ast-global-color-5)","background-image":"","background-repeat":"repeat","background-position":"center center","background-size":"auto","background-attachment":"scroll","background-type":"","background-media":"","overlay-type":"","overlay-color":"","overlay-opacity":"","overlay-gradient":""},"tablet":{"background-color":"","background-image":"","background-repeat":"repeat","background-position":"center center","background-size":"auto","background-attachment":"scroll","background-type":"","background-media":"","overlay-type":"","overlay-color":"","overlay-opacity":"","overlay-gradient":""},"mobile":{"background-color":"","background-image":"","background-repeat":"repeat","background-position":"center center","background-size":"auto","background-attachment":"scroll","background-type":"","background-media":"","overlay-type":"","overlay-color":"","overlay-opacity":"","overlay-gradient":""}},"ast-content-background-meta":{"desktop":{"background-color":"var(--ast-global-color-4)","background-image":"","background-repeat":"repeat","background-position":"center center","background-size":"auto","background-attachment":"scroll","background-type":"","background-media":"","overlay-type":"","overlay-color":"","overlay-opacity":"","overlay-gradient":""},"tablet":{"background-color":"var(--ast-global-color-4)","background-image":"","background-repeat":"repeat","background-position":"center center","background-size":"auto","background-attachment":"scroll","background-type":"","background-media":"","overlay-type":"","overlay-color":"","overlay-opacity":"","overlay-gradient":""},"mobile":{"background-color":"var(--ast-global-color-4)","background-image":"","background-repeat":"repeat","background-position":"center center","background-size":"auto","background-attachment":"scroll","background-type":"","background-media":"","overlay-type":"","overlay-color":"","overlay-opacity":"","overlay-gradient":""}},"footnotes":""},"class_list":["post-480","page","type-page","status-publish","hentry"],"yoast_head":"<!-- This site is optimized with the Yoast SEO plugin v27.4 - https:\/\/yoast.com\/product\/yoast-seo-wordpress\/ -->\n<title>H\u00e1zirend - littlepenthouse.es<\/title>\n<meta name=\"robots\" content=\"index, follow, max-snippet:-1, max-image-preview:large, max-video-preview:-1\" \/>\n<link rel=\"canonical\" href=\"https:\/\/littlepenthouse.es\/es\/normas-de-la-casa\/\" \/>\n<meta property=\"og:locale\" content=\"es_ES\" \/>\n<meta property=\"og:type\" content=\"article\" \/>\n<meta property=\"og:title\" content=\"H\u00e1zirend - littlepenthouse.es\" \/>\n<meta property=\"og:description\" content=\"H\u00e1zirend Bejelentkez\u00e9s \u2013 Kijelentkez\u00e9s \u2022 Bejelentkez\u00e9s: 15:00-t\u00f3l\u2022 Kijelentkez\u00e9s: 11:00-ig F\u00e9r\u0151hely \u2022 Maxim\u00e1lis vend\u00e9gsz\u00e1m: 4 feln\u0151tt\u2022 Csendes id\u0151szak: 00:00\u201308:00\u2022 Bulik rendez\u00e9se [&hellip;]\" \/>\n<meta property=\"og:url\" content=\"https:\/\/littlepenthouse.es\/es\/normas-de-la-casa\/\" \/>\n<meta property=\"og:site_name\" content=\"littlepenthouse.es\" \/>\n<meta property=\"article:modified_time\" content=\"2026-01-05T08:29:46+00:00\" \/>\n<meta property=\"og:image\" content=\"https:\/\/littlepenthouse.es\/wp-content\/uploads\/2025\/12\/little-penthouse-fuengirola-hazirend-003.webp\" \/>\n\t<meta property=\"og:image:width\" content=\"1746\" \/>\n\t<meta property=\"og:image:height\" content=\"486\" \/>\n\t<meta property=\"og:image:type\" content=\"image\/webp\" \/>\n<meta name=\"twitter:card\" content=\"summary_large_image\" \/>\n<meta name=\"twitter:label1\" content=\"Tiempo de lectura\" \/>\n\t<meta name=\"twitter:data1\" content=\"2 minutos\" \/>\n<script type=\"application\/ld+json\" class=\"yoast-schema-graph\">{\"@context\":\"https:\\\/\\\/schema.org\",\"@graph\":[{\"@type\":\"WebPage\",\"@id\":\"https:\\\/\\\/littlepenthouse.es\\\/hazirend\\\/\",\"url\":\"https:\\\/\\\/littlepenthouse.es\\\/hazirend\\\/\",\"name\":\"H\u00e1zirend - littlepenthouse.es\",\"isPartOf\":{\"@id\":\"https:\\\/\\\/littlepenthouse.es\\\/#website\"},\"primaryImageOfPage\":{\"@id\":\"https:\\\/\\\/littlepenthouse.es\\\/hazirend\\\/#primaryimage\"},\"image\":{\"@id\":\"https:\\\/\\\/littlepenthouse.es\\\/hazirend\\\/#primaryimage\"},\"thumbnailUrl\":\"https:\\\/\\\/littlepenthouse.es\\\/wp-content\\\/uploads\\\/2025\\\/12\\\/little-penthouse-fuengirola-hazirend-003.webp\",\"datePublished\":\"2025-10-28T13:26:26+00:00\",\"dateModified\":\"2026-01-05T08:29:46+00:00\",\"breadcrumb\":{\"@id\":\"https:\\\/\\\/littlepenthouse.es\\\/hazirend\\\/#breadcrumb\"},\"inLanguage\":\"es\",\"potentialAction\":[{\"@type\":\"ReadAction\",\"target\":[\"https:\\\/\\\/littlepenthouse.es\\\/hazirend\\\/\"]}]},{\"@type\":\"ImageObject\",\"inLanguage\":\"es\",\"@id\":\"https:\\\/\\\/littlepenthouse.es\\\/hazirend\\\/#primaryimage\",\"url\":\"https:\\\/\\\/littlepenthouse.es\\\/wp-content\\\/uploads\\\/2025\\\/12\\\/little-penthouse-fuengirola-hazirend-003.webp\",\"contentUrl\":\"https:\\\/\\\/littlepenthouse.es\\\/wp-content\\\/uploads\\\/2025\\\/12\\\/little-penthouse-fuengirola-hazirend-003.webp\"},{\"@type\":\"BreadcrumbList\",\"@id\":\"https:\\\/\\\/littlepenthouse.es\\\/hazirend\\\/#breadcrumb\",\"itemListElement\":[{\"@type\":\"ListItem\",\"position\":1,\"name\":\"Kezd\u0151lap\",\"item\":\"https:\\\/\\\/littlepenthouse.es\\\/\"},{\"@type\":\"ListItem\",\"position\":2,\"name\":\"H\u00e1zirend\"}]},{\"@type\":\"WebSite\",\"@id\":\"https:\\\/\\\/littlepenthouse.es\\\/#website\",\"url\":\"https:\\\/\\\/littlepenthouse.es\\\/\",\"name\":\"littlepenthouse.es\",\"description\":\"\",\"publisher\":{\"@id\":\"https:\\\/\\\/littlepenthouse.es\\\/#organization\"},\"potentialAction\":[{\"@type\":\"SearchAction\",\"target\":{\"@type\":\"EntryPoint\",\"urlTemplate\":\"https:\\\/\\\/littlepenthouse.es\\\/?s={search_term_string}\"},\"query-input\":{\"@type\":\"PropertyValueSpecification\",\"valueRequired\":true,\"valueName\":\"search_term_string\"}}],\"inLanguage\":\"es\"},{\"@type\":\"Organization\",\"@id\":\"https:\\\/\\\/littlepenthouse.es\\\/#organization\",\"name\":\"littlepenthouse.es\",\"url\":\"https:\\\/\\\/littlepenthouse.es\\\/\",\"logo\":{\"@type\":\"ImageObject\",\"inLanguage\":\"es\",\"@id\":\"https:\\\/\\\/littlepenthouse.es\\\/#\\\/schema\\\/logo\\\/image\\\/\",\"url\":\"https:\\\/\\\/littlepenthouse.es\\\/wp-content\\\/uploads\\\/2025\\\/10\\\/little-penthouse-new-black-001.svg\",\"contentUrl\":\"https:\\\/\\\/littlepenthouse.es\\\/wp-content\\\/uploads\\\/2025\\\/10\\\/little-penthouse-new-black-001.svg\",\"width\":356,\"height\":87,\"caption\":\"littlepenthouse.es\"},\"image\":{\"@id\":\"https:\\\/\\\/littlepenthouse.es\\\/#\\\/schema\\\/logo\\\/image\\\/\"}}]}<\/script>\n<!-- \/ Yoast SEO plugin. -->","yoast_head_json":{"title":"H\u00e1zirend - littlepenthouse.es","robots":{"index":"index","follow":"follow","max-snippet":"max-snippet:-1","max-image-preview":"max-image-preview:large","max-video-preview":"max-video-preview:-1"},"canonical":"https:\/\/littlepenthouse.es\/es\/normas-de-la-casa\/","og_locale":"es_ES","og_type":"article","og_title":"H\u00e1zirend - littlepenthouse.es","og_description":"H\u00e1zirend Bejelentkez\u00e9s \u2013 Kijelentkez\u00e9s \u2022 Bejelentkez\u00e9s: 15:00-t\u00f3l\u2022 Kijelentkez\u00e9s: 11:00-ig F\u00e9r\u0151hely \u2022 Maxim\u00e1lis vend\u00e9gsz\u00e1m: 4 feln\u0151tt\u2022 Csendes id\u0151szak: 00:00\u201308:00\u2022 Bulik rendez\u00e9se [&hellip;]","og_url":"https:\/\/littlepenthouse.es\/es\/normas-de-la-casa\/","og_site_name":"littlepenthouse.es","article_modified_time":"2026-01-05T08:29:46+00:00","og_image":[{"width":1746,"height":486,"url":"https:\/\/littlepenthouse.es\/wp-content\/uploads\/2025\/12\/little-penthouse-fuengirola-hazirend-003.webp","type":"image\/webp"}],"twitter_card":"summary_large_image","twitter_misc":{"Tiempo de lectura":"2 minutos"},"schema":{"@context":"https:\/\/schema.org","@graph":[{"@type":"WebPage","@id":"https:\/\/littlepenthouse.es\/hazirend\/","url":"https:\/\/littlepenthouse.es\/hazirend\/","name":"H\u00e1zirend - littlepenthouse.es","isPartOf":{"@id":"https:\/\/littlepenthouse.es\/#website"},"primaryImageOfPage":{"@id":"https:\/\/littlepenthouse.es\/hazirend\/#primaryimage"},"image":{"@id":"https:\/\/littlepenthouse.es\/hazirend\/#primaryimage"},"thumbnailUrl":"https:\/\/littlepenthouse.es\/wp-content\/uploads\/2025\/12\/little-penthouse-fuengirola-hazirend-003.webp","datePublished":"2025-10-28T13:26:26+00:00","dateModified":"2026-01-05T08:29:46+00:00","breadcrumb":{"@id":"https:\/\/littlepenthouse.es\/hazirend\/#breadcrumb"},"inLanguage":"es","potentialAction":[{"@type":"ReadAction","target":["https:\/\/littlepenthouse.es\/hazirend\/"]}]},{"@type":"ImageObject","inLanguage":"es","@id":"https:\/\/littlepenthouse.es\/hazirend\/#primaryimage","url":"https:\/\/littlepenthouse.es\/wp-content\/uploads\/2025\/12\/little-penthouse-fuengirola-hazirend-003.webp","contentUrl":"https:\/\/littlepenthouse.es\/wp-content\/uploads\/2025\/12\/little-penthouse-fuengirola-hazirend-003.webp"},{"@type":"BreadcrumbList","@id":"https:\/\/littlepenthouse.es\/hazirend\/#breadcrumb","itemListElement":[{"@type":"ListItem","position":1,"name":"Kezd\u0151lap","item":"https:\/\/littlepenthouse.es\/"},{"@type":"ListItem","position":2,"name":"H\u00e1zirend"}]},{"@type":"WebSite","@id":"https:\/\/littlepenthouse.es\/#website","url":"https:\/\/littlepenthouse.es\/","name":"littlepenthouse.es","description":"","publisher":{"@id":"https:\/\/littlepenthouse.es\/#organization"},"potentialAction":[{"@type":"SearchAction","target":{"@type":"EntryPoint","urlTemplate":"https:\/\/littlepenthouse.es\/?s={search_term_string}"},"query-input":{"@type":"PropertyValueSpecification","valueRequired":true,"valueName":"search_term_string"}}],"inLanguage":"es"},{"@type":"Organization","@id":"https:\/\/littlepenthouse.es\/#organization","name":"littlepenthouse.es","url":"https:\/\/littlepenthouse.es\/","logo":{"@type":"ImageObject","inLanguage":"es","@id":"https:\/\/littlepenthouse.es\/#\/schema\/logo\/image\/","url":"https:\/\/littlepenthouse.es\/wp-content\/uploads\/2025\/10\/little-penthouse-new-black-001.svg","contentUrl":"https:\/\/littlepenthouse.es\/wp-content\/uploads\/2025\/10\/little-penthouse-new-black-001.svg","width":356,"height":87,"caption":"littlepenthouse.es"},"image":{"@id":"https:\/\/littlepenthouse.es\/#\/schema\/logo\/image\/"}}]}},"_hostinger_reach_plugin_has_subscription_block":false,"_hostinger_reach_plugin_is_elementor":false,"_links":{"self":[{"href":"https:\/\/littlepenthouse.es\/es\/wp-json\/wp\/v2\/pages\/480","targetHints":{"allow":["GET"]}}],"collection":[{"href":"https:\/\/littlepenthouse.es\/es\/wp-json\/wp\/v2\/pages"}],"about":[{"href":"https:\/\/littlepenthouse.es\/es\/wp-json\/wp\/v2\/types\/page"}],"author":[{"embeddable":true,"href":"https:\/\/littlepenthouse.es\/es\/wp-json\/wp\/v2\/users\/1"}],"replies":[{"embeddable":true,"href":"https:\/\/littlepenthouse.es\/es\/wp-json\/wp\/v2\/comments?post=480"}],"version-history":[{"count":46,"href":"https:\/\/littlepenthouse.es\/es\/wp-json\/wp\/v2\/pages\/480\/revisions"}],"predecessor-version":[{"id":1343,"href":"https:\/\/littlepenthouse.es\/es\/wp-json\/wp\/v2\/pages\/480\/revisions\/1343"}],"wp:attachment":[{"href":"https:\/\/littlepenthouse.es\/es\/wp-json\/wp\/v2\/media?parent=480"}],"curies":[{"name":"wp","href":"https:\/\/api.w.org\/{rel}","templated":true}]}}